{"id":7675,"date":"2024-01-05T13:22:08","date_gmt":"2024-01-05T12:22:08","guid":{"rendered":"https:\/\/irenerizzo.eu\/?page_id=7675"},"modified":"2024-01-05T17:11:46","modified_gmt":"2024-01-05T16:11:46","slug":"i-miei-lavori","status":"publish","type":"page","link":"https:\/\/irenerizzo.eu\/index.php\/i-miei-lavori\/","title":{"rendered":"Irene Rizzo"},"content":{"rendered":"<p>[et_pb_section fb_built=&#8221;1&#8243; _builder_version=&#8221;4.23.4&#8243; _module_preset=&#8221;default&#8221; global_colors_info=&#8221;{}&#8221;][et_pb_row column_structure=&#8221;1_3,1_3,1_3&#8243; _builder_version=&#8221;4.23.4&#8243; _module_preset=&#8221;default&#8221; global_colors_info=&#8221;{}&#8221;][et_pb_column type=&#8221;1_3&#8243; _builder_version=&#8221;4.23.4&#8243; _module_preset=&#8221;default&#8221; global_colors_info=&#8221;{}&#8221;][\/et_pb_column][et_pb_column type=&#8221;1_3&#8243; _builder_version=&#8221;4.23.4&#8243; _module_preset=&#8221;default&#8221; global_colors_info=&#8221;{}&#8221;][et_pb_image src=&#8221;https:\/\/irenerizzo.eu\/wp-content\/uploads\/2024\/01\/Irene-Rizzo-makeup-artist-padova-venezia.png&#8221; title_text=&#8221;Irene-Rizzo-makeup-artist-padova-venezia&#8221; align=&#8221;center&#8221; _builder_version=&#8221;4.23.4&#8243; _module_preset=&#8221;default&#8221; module_alignment=&#8221;center&#8221; global_colors_info=&#8221;{}&#8221;][\/et_pb_image][et_pb_button button_url=&#8221;https:\/\/irenerizzo.eu\/index.php\/trucco-sposa\/&#8221; url_new_window=&#8221;on&#8221; button_text=&#8221;Trucco e Acconciatura Sposa&#8221; button_alignment=&#8221;center&#8221; _builder_version=&#8221;4.23.4&#8243; _module_preset=&#8221;default&#8221; custom_button=&#8221;on&#8221; button_text_size=&#8221;13px&#8221; button_text_color=&#8221;#e09900&#8243; button_border_width=&#8221;1px&#8221; transform_scale=&#8221;141%|141%&#8221; transform_translate=&#8221;-4px|-4px&#8221; transform_origin=&#8221;51%|50%&#8221; custom_padding=&#8221;|||22px||&#8221; background_layout_tablet=&#8221;&#8221; background_layout_phone=&#8221;&#8221; background_layout_last_edited=&#8221;on|tablet&#8221; global_colors_info=&#8221;{}&#8221;][\/et_pb_button][et_pb_button button_url=&#8221;https:\/\/irenerizzo.eu\/index.php\/trucco-per-servizi-fotografici\/&#8221; url_new_window=&#8221;on&#8221; button_text=&#8221;Trucco per servizi fotografici&#8221; button_alignment=&#8221;center&#8221; _builder_version=&#8221;4.23.4&#8243; _module_preset=&#8221;default&#8221; custom_button=&#8221;on&#8221; button_text_size=&#8221;13.5px&#8221; button_text_color=&#8221;#e09900&#8243; button_border_width=&#8221;1px&#8221; transform_scale=&#8221;141%|141%&#8221; transform_translate=&#8221;-4px|-4px&#8221; transform_origin=&#8221;51%|50%&#8221; background_layout_tablet=&#8221;&#8221; background_layout_phone=&#8221;&#8221; background_layout_last_edited=&#8221;on|tablet&#8221; global_colors_info=&#8221;{}&#8221;][\/et_pb_button][et_pb_button button_url=&#8221;https:\/\/irenerizzo.eu\/index.php\/home\/&#8221; url_new_window=&#8221;on&#8221; button_text=&#8221;Web Site&#8221; button_alignment=&#8221;center&#8221; _builder_version=&#8221;4.23.4&#8243; _module_preset=&#8221;default&#8221; custom_button=&#8221;on&#8221; button_text_size=&#8221;13px&#8221; button_text_color=&#8221;#e09900&#8243; button_border_width=&#8221;1px&#8221; transform_scale=&#8221;141%|141%&#8221; transform_translate=&#8221;-4px|-4px&#8221; transform_origin=&#8221;51%|50%&#8221; background_layout_tablet=&#8221;&#8221; background_layout_phone=&#8221;&#8221; background_layout_last_edited=&#8221;on|tablet&#8221; global_colors_info=&#8221;{}&#8221;][\/et_pb_button][et_pb_image src=&#8221;https:\/\/irenerizzo.eu\/wp-content\/uploads\/2024\/01\/23.png&#8221; title_text=&#8221;23&#8243; _builder_version=&#8221;4.23.4&#8243; _module_preset=&#8221;default&#8221; custom_padding=&#8221;0px|||||&#8221; hover_enabled=&#8221;0&#8243; global_colors_info=&#8221;{}&#8221; sticky_enabled=&#8221;0&#8243;][\/et_pb_image][\/et_pb_column][et_pb_column type=&#8221;1_3&#8243; _builder_version=&#8221;4.23.4&#8243; _module_preset=&#8221;default&#8221; global_colors_info=&#8221;{}&#8221;][\/et_pb_column][\/et_pb_row][\/et_pb_section]<\/p>\n","protected":false},"excerpt":{"rendered":"","protected":false},"author":1,"featured_media":7703,"parent":0,"menu_order":0,"comment_status":"closed","ping_status":"closed","template":"page-template-blank.php","meta":{"_et_pb_use_builder":"on","_et_pb_old_content":"","_et_gb_content_width":"","_joinchat":[],"footnotes":""},"class_list":["post-7675","page","type-page","status-publish","has-post-thumbnail","hentry"],"yoast_head":"<!-- This site is optimized with the Yoast SEO plugin v27.5 - https:\/\/yoast.com\/product\/yoast-seo-wordpress\/ -->\n<title>Irene Rizzo - Servizio di Trucco a Padova by Irene Rizzo<\/title>\n<meta name=\"description\" content=\"Sono Irene Rizzo, la tua make-up artist di fiducia a Padova e Venezia. Valorizzo la tua bellezza con maestria e creativit\u00e0.\" \/>\n<meta name=\"robots\" content=\"index, follow, max-snippet:-1, max-image-preview:large, max-video-preview:-1\" \/>\n<link rel=\"canonical\" href=\"https:\/\/irenerizzo.eu\/index.php\/i-miei-lavori\/\" \/>\n<meta property=\"og:locale\" content=\"it_IT\" \/>\n<meta property=\"og:type\" content=\"article\" \/>\n<meta property=\"og:title\" content=\"Irene Rizzo - Servizio di Trucco a Padova by Irene Rizzo\" \/>\n<meta property=\"og:description\" content=\"Sono Irene Rizzo, la tua make-up artist di fiducia a Padova e Venezia. Valorizzo la tua bellezza con maestria e creativit\u00e0.\" \/>\n<meta property=\"og:url\" content=\"https:\/\/irenerizzo.eu\/index.php\/i-miei-lavori\/\" \/>\n<meta property=\"og:site_name\" content=\"Servizio di Trucco a Padova by Irene Rizzo\" \/>\n<meta property=\"article:modified_time\" content=\"2024-01-05T16:11:46+00:00\" \/>\n<meta property=\"og:image\" content=\"https:\/\/irenerizzo.eu\/wp-content\/uploads\/2024\/01\/truccatrice-padova-irene-rizzo.png\" \/>\n\t<meta property=\"og:image:width\" content=\"1080\" \/>\n\t<meta property=\"og:image:height\" content=\"1080\" \/>\n\t<meta property=\"og:image:type\" content=\"image\/png\" \/>\n<meta name=\"twitter:card\" content=\"summary_large_image\" \/>\n<meta name=\"twitter:label1\" content=\"Tempo di lettura stimato\" \/>\n\t<meta name=\"twitter:data1\" content=\"1 minuto\" \/>\n<script type=\"application\/ld+json\" class=\"yoast-schema-graph\">{\"@context\":\"https:\\\/\\\/schema.org\",\"@graph\":[{\"@type\":\"WebPage\",\"@id\":\"https:\\\/\\\/irenerizzo.eu\\\/index.php\\\/i-miei-lavori\\\/\",\"url\":\"https:\\\/\\\/irenerizzo.eu\\\/index.php\\\/i-miei-lavori\\\/\",\"name\":\"Irene Rizzo - Servizio di Trucco a Padova by Irene Rizzo\",\"isPartOf\":{\"@id\":\"https:\\\/\\\/irenerizzo.eu\\\/#website\"},\"primaryImageOfPage\":{\"@id\":\"https:\\\/\\\/irenerizzo.eu\\\/index.php\\\/i-miei-lavori\\\/#primaryimage\"},\"image\":{\"@id\":\"https:\\\/\\\/irenerizzo.eu\\\/index.php\\\/i-miei-lavori\\\/#primaryimage\"},\"thumbnailUrl\":\"https:\\\/\\\/irenerizzo.eu\\\/wp-content\\\/uploads\\\/2024\\\/01\\\/truccatrice-padova-irene-rizzo.png\",\"datePublished\":\"2024-01-05T12:22:08+00:00\",\"dateModified\":\"2024-01-05T16:11:46+00:00\",\"description\":\"Sono Irene Rizzo, la tua make-up artist di fiducia a Padova e Venezia. Valorizzo la tua bellezza con maestria e creativit\u00e0.\",\"breadcrumb\":{\"@id\":\"https:\\\/\\\/irenerizzo.eu\\\/index.php\\\/i-miei-lavori\\\/#breadcrumb\"},\"inLanguage\":\"it-IT\",\"potentialAction\":[{\"@type\":\"ReadAction\",\"target\":[\"https:\\\/\\\/irenerizzo.eu\\\/index.php\\\/i-miei-lavori\\\/\"]}]},{\"@type\":\"ImageObject\",\"inLanguage\":\"it-IT\",\"@id\":\"https:\\\/\\\/irenerizzo.eu\\\/index.php\\\/i-miei-lavori\\\/#primaryimage\",\"url\":\"https:\\\/\\\/irenerizzo.eu\\\/wp-content\\\/uploads\\\/2024\\\/01\\\/truccatrice-padova-irene-rizzo.png\",\"contentUrl\":\"https:\\\/\\\/irenerizzo.eu\\\/wp-content\\\/uploads\\\/2024\\\/01\\\/truccatrice-padova-irene-rizzo.png\",\"width\":1080,\"height\":1080,\"caption\":\"A Padova con Irene Rizzo: Sono Irene Rizzo, e il mio servizio di trucco a Padova \u00e8 pensato per chi cerca un'esperienza di bellezza unica. Lasciati avvolgere dalla professionalit\u00e0 e dalla creativit\u00e0 del mio team, dove ogni dettaglio \u00e8 curato per rispecchiare la tua personalit\u00e0 e valorizzare la tua bellezza naturale.\"},{\"@type\":\"BreadcrumbList\",\"@id\":\"https:\\\/\\\/irenerizzo.eu\\\/index.php\\\/i-miei-lavori\\\/#breadcrumb\",\"itemListElement\":[{\"@type\":\"ListItem\",\"position\":1,\"name\":\"Home\",\"item\":\"https:\\\/\\\/irenerizzo.eu\\\/\"},{\"@type\":\"ListItem\",\"position\":2,\"name\":\"Irene Rizzo\"}]},{\"@type\":\"WebSite\",\"@id\":\"https:\\\/\\\/irenerizzo.eu\\\/#website\",\"url\":\"https:\\\/\\\/irenerizzo.eu\\\/\",\"name\":\"Servizio di Trucco in Veneto by Irene Rizzo\",\"description\":\"La Bellezza in Ogni Tuo Momento Speciale\",\"publisher\":{\"@id\":\"https:\\\/\\\/irenerizzo.eu\\\/#organization\"},\"potentialAction\":[{\"@type\":\"SearchAction\",\"target\":{\"@type\":\"EntryPoint\",\"urlTemplate\":\"https:\\\/\\\/irenerizzo.eu\\\/?s={search_term_string}\"},\"query-input\":{\"@type\":\"PropertyValueSpecification\",\"valueRequired\":true,\"valueName\":\"search_term_string\"}}],\"inLanguage\":\"it-IT\"},{\"@type\":\"Organization\",\"@id\":\"https:\\\/\\\/irenerizzo.eu\\\/#organization\",\"name\":\"Servizio di Trucco in Veneto by Irene Rizzo\",\"url\":\"https:\\\/\\\/irenerizzo.eu\\\/\",\"logo\":{\"@type\":\"ImageObject\",\"inLanguage\":\"it-IT\",\"@id\":\"https:\\\/\\\/irenerizzo.eu\\\/#\\\/schema\\\/logo\\\/image\\\/\",\"url\":\"https:\\\/\\\/irenerizzo.eu\\\/wp-content\\\/uploads\\\/2023\\\/10\\\/cropped-servizio-di-trucco-irene-rizzo-makeup-artist-copia.png\",\"contentUrl\":\"https:\\\/\\\/irenerizzo.eu\\\/wp-content\\\/uploads\\\/2023\\\/10\\\/cropped-servizio-di-trucco-irene-rizzo-makeup-artist-copia.png\",\"width\":512,\"height\":512,\"caption\":\"Servizio di Trucco in Veneto by Irene Rizzo\"},\"image\":{\"@id\":\"https:\\\/\\\/irenerizzo.eu\\\/#\\\/schema\\\/logo\\\/image\\\/\"},\"sameAs\":[\"https:\\\/\\\/www.instagram.com\\\/irene_rizzo_makeupartist\\\/\",\"https:\\\/\\\/it.linkedin.com\\\/in\\\/irene-rizzo-86432a172\"]}]}<\/script>\n<!-- \/ Yoast SEO plugin. -->","yoast_head_json":{"title":"Irene Rizzo - Servizio di Trucco a Padova by Irene Rizzo","description":"Sono Irene Rizzo, la tua make-up artist di fiducia a Padova e Venezia. Valorizzo la tua bellezza con maestria e creativit\u00e0.","robots":{"index":"index","follow":"follow","max-snippet":"max-snippet:-1","max-image-preview":"max-image-preview:large","max-video-preview":"max-video-preview:-1"},"canonical":"https:\/\/irenerizzo.eu\/index.php\/i-miei-lavori\/","og_locale":"it_IT","og_type":"article","og_title":"Irene Rizzo - Servizio di Trucco a Padova by Irene Rizzo","og_description":"Sono Irene Rizzo, la tua make-up artist di fiducia a Padova e Venezia. Valorizzo la tua bellezza con maestria e creativit\u00e0.","og_url":"https:\/\/irenerizzo.eu\/index.php\/i-miei-lavori\/","og_site_name":"Servizio di Trucco a Padova by Irene Rizzo","article_modified_time":"2024-01-05T16:11:46+00:00","og_image":[{"width":1080,"height":1080,"url":"https:\/\/irenerizzo.eu\/wp-content\/uploads\/2024\/01\/truccatrice-padova-irene-rizzo.png","type":"image\/png"}],"twitter_card":"summary_large_image","twitter_misc":{"Tempo di lettura stimato":"1 minuto"},"schema":{"@context":"https:\/\/schema.org","@graph":[{"@type":"WebPage","@id":"https:\/\/irenerizzo.eu\/index.php\/i-miei-lavori\/","url":"https:\/\/irenerizzo.eu\/index.php\/i-miei-lavori\/","name":"Irene Rizzo - Servizio di Trucco a Padova by Irene Rizzo","isPartOf":{"@id":"https:\/\/irenerizzo.eu\/#website"},"primaryImageOfPage":{"@id":"https:\/\/irenerizzo.eu\/index.php\/i-miei-lavori\/#primaryimage"},"image":{"@id":"https:\/\/irenerizzo.eu\/index.php\/i-miei-lavori\/#primaryimage"},"thumbnailUrl":"https:\/\/irenerizzo.eu\/wp-content\/uploads\/2024\/01\/truccatrice-padova-irene-rizzo.png","datePublished":"2024-01-05T12:22:08+00:00","dateModified":"2024-01-05T16:11:46+00:00","description":"Sono Irene Rizzo, la tua make-up artist di fiducia a Padova e Venezia. Valorizzo la tua bellezza con maestria e creativit\u00e0.","breadcrumb":{"@id":"https:\/\/irenerizzo.eu\/index.php\/i-miei-lavori\/#breadcrumb"},"inLanguage":"it-IT","potentialAction":[{"@type":"ReadAction","target":["https:\/\/irenerizzo.eu\/index.php\/i-miei-lavori\/"]}]},{"@type":"ImageObject","inLanguage":"it-IT","@id":"https:\/\/irenerizzo.eu\/index.php\/i-miei-lavori\/#primaryimage","url":"https:\/\/irenerizzo.eu\/wp-content\/uploads\/2024\/01\/truccatrice-padova-irene-rizzo.png","contentUrl":"https:\/\/irenerizzo.eu\/wp-content\/uploads\/2024\/01\/truccatrice-padova-irene-rizzo.png","width":1080,"height":1080,"caption":"A Padova con Irene Rizzo: Sono Irene Rizzo, e il mio servizio di trucco a Padova \u00e8 pensato per chi cerca un'esperienza di bellezza unica. Lasciati avvolgere dalla professionalit\u00e0 e dalla creativit\u00e0 del mio team, dove ogni dettaglio \u00e8 curato per rispecchiare la tua personalit\u00e0 e valorizzare la tua bellezza naturale."},{"@type":"BreadcrumbList","@id":"https:\/\/irenerizzo.eu\/index.php\/i-miei-lavori\/#breadcrumb","itemListElement":[{"@type":"ListItem","position":1,"name":"Home","item":"https:\/\/irenerizzo.eu\/"},{"@type":"ListItem","position":2,"name":"Irene Rizzo"}]},{"@type":"WebSite","@id":"https:\/\/irenerizzo.eu\/#website","url":"https:\/\/irenerizzo.eu\/","name":"Servizio di Trucco in Veneto by Irene Rizzo","description":"La Bellezza in Ogni Tuo Momento Speciale","publisher":{"@id":"https:\/\/irenerizzo.eu\/#organization"},"potentialAction":[{"@type":"SearchAction","target":{"@type":"EntryPoint","urlTemplate":"https:\/\/irenerizzo.eu\/?s={search_term_string}"},"query-input":{"@type":"PropertyValueSpecification","valueRequired":true,"valueName":"search_term_string"}}],"inLanguage":"it-IT"},{"@type":"Organization","@id":"https:\/\/irenerizzo.eu\/#organization","name":"Servizio di Trucco in Veneto by Irene Rizzo","url":"https:\/\/irenerizzo.eu\/","logo":{"@type":"ImageObject","inLanguage":"it-IT","@id":"https:\/\/irenerizzo.eu\/#\/schema\/logo\/image\/","url":"https:\/\/irenerizzo.eu\/wp-content\/uploads\/2023\/10\/cropped-servizio-di-trucco-irene-rizzo-makeup-artist-copia.png","contentUrl":"https:\/\/irenerizzo.eu\/wp-content\/uploads\/2023\/10\/cropped-servizio-di-trucco-irene-rizzo-makeup-artist-copia.png","width":512,"height":512,"caption":"Servizio di Trucco in Veneto by Irene Rizzo"},"image":{"@id":"https:\/\/irenerizzo.eu\/#\/schema\/logo\/image\/"},"sameAs":["https:\/\/www.instagram.com\/irene_rizzo_makeupartist\/","https:\/\/it.linkedin.com\/in\/irene-rizzo-86432a172"]}]}},"_links":{"self":[{"href":"https:\/\/irenerizzo.eu\/index.php\/wp-json\/wp\/v2\/pages\/7675","targetHints":{"allow":["GET"]}}],"collection":[{"href":"https:\/\/irenerizzo.eu\/index.php\/wp-json\/wp\/v2\/pages"}],"about":[{"href":"https:\/\/irenerizzo.eu\/index.php\/wp-json\/wp\/v2\/types\/page"}],"author":[{"embeddable":true,"href":"https:\/\/irenerizzo.eu\/index.php\/wp-json\/wp\/v2\/users\/1"}],"replies":[{"embeddable":true,"href":"https:\/\/irenerizzo.eu\/index.php\/wp-json\/wp\/v2\/comments?post=7675"}],"version-history":[{"count":0,"href":"https:\/\/irenerizzo.eu\/index.php\/wp-json\/wp\/v2\/pages\/7675\/revisions"}],"wp:featuredmedia":[{"embeddable":true,"href":"https:\/\/irenerizzo.eu\/index.php\/wp-json\/wp\/v2\/media\/7703"}],"wp:attachment":[{"href":"https:\/\/irenerizzo.eu\/index.php\/wp-json\/wp\/v2\/media?parent=7675"}],"curies":[{"name":"wp","href":"https:\/\/api.w.org\/{rel}","templated":true}]}}